{"id":6820,"date":"2024-12-13T23:55:27","date_gmt":"2024-12-13T23:55:27","guid":{"rendered":"https:\/\/headspa.be\/?post_type=product&#038;p=6820"},"modified":"2026-04-26T10:56:39","modified_gmt":"2026-04-26T08:56:39","slug":"headspa-basic-edycja-bezowa","status":"publish","type":"product","link":"https:\/\/headspa.be\/pl\/shop\/headspa-basic-beige-edition\/","title":{"rendered":"Basic Headspa Beige edition + StreamLux\u2122"},"content":{"rendered":"<p><strong>W zestawie Headspa Basic Edition standardowo znajdziesz:<\/strong><\/p>\n<ol>\n<li><strong>Urz\u0105dzenie parowe ze zdalnym sterowaniem, dyfuzorem pary i nasadk\u0105 parow\u0105<\/strong> \u2013 Idealny do stosowania z olejkami eterycznymi lub zio\u0142ami leczniczymi.<\/li>\n<li><strong>Opcjonalna regulacja wysoko\u015bci o 10 cm<\/strong> \u2013 Podnie\u015b \u0142\u00f3\u017cko Headspa, je\u015bli jest to konieczne, aby zapewni\u0107 ergonomi\u0119 u\u017cytkowania.<\/li>\n<li><strong>O\u015bwietlenie jarzeniowe z pilotem RF<\/strong> \u2013 O\u015bwietlenie otoczenia zapewniaj\u0105ce luksusow\u0105 i uspokajaj\u0105c\u0105 atmosfer\u0119.<\/li>\n<li><strong>\u0141atwe pod\u0142\u0105czenie wody dzi\u0119ki dodatkowym filtrom<\/strong> \u2013 Dla szybszej i \u0142atwiejszej instalacji.<\/li>\n<li><strong>2 dodatkowe poduszki sk\u00f3rzane<\/strong> \u2013 Zapewnia mo\u017cliwo\u015b\u0107 zamkni\u0119cia ca\u0142ego \u0142\u00f3\u017cka, co zwi\u0119ksza jego wszechstronno\u015b\u0107.<\/li>\n<li><strong>Fotel zabiegowy z regulacj\u0105 wysoko\u015bci i k\u00f3\u0142kami obrotowymi 360\u00b0<\/strong> \u2013 Zapewnienie maksymalnego komfortu i elastyczno\u015bci.<\/li>\n<li><strong>Zestaw powitalny ze skanerem sk\u00f3ry g\u0142owy WiFi<\/strong> \u2013 Zawiera funkcjonalno\u015b\u0107 aplikacji, 2 ko\u0144c\u00f3wki do w\u0142os\u00f3w, szczotk\u0119 do w\u0142os\u00f3w nowej generacji i wa\u0142ek derma roller do piel\u0119gnacji sk\u00f3ry g\u0142owy.<\/li>\n<li><strong>W zestawie wieloj\u0119zyczna instrukcja<\/strong> \u2013 Dla \u0142atwej konfiguracji i obs\u0142ugi.<\/li>\n<\/ol>\n<p>Ten kompletny pakiet gwarantuje bezproblemowy start w oferowaniu profesjonalnych i luksusowych zabieg\u00f3w Headspa w Twoim salonie! \u2728<\/p>\n<p><strong>6 powod\u00f3w, dla kt\u00f3rych inni wybieraj\u0105 nasze \u0142\u00f3\u017cko Headspa:<\/strong><\/p>\n<p><img fetchpriority=\"high\" decoding=\"async\" class=\"\" src=\"https:\/\/headspa.be\/wp-content\/uploads\/2024\/12\/pillow-removed-headspa-bed-basic.webp\" width=\"659\" height=\"373\" \/><\/p>\n<p><strong><br \/>\n01. Zlew ceramiczny<\/strong><br \/>\nNasz Headspa jest wyposa\u017cony w luksusowy ceramiczny zlew, kt\u00f3ry jest trwa\u0142y, higieniczny i \u0142atwy do czyszczenia. Idealny nawet do sp\u0142ukiwania farby do w\u0142os\u00f3w.<\/p>\n<p><strong>02. Po\u0142\u0105czenie bezpo\u015brednie<\/strong><br \/>\nHeadspa mo\u017cna z \u0142atwo\u015bci\u0105 pod\u0142\u0105czy\u0107 do istniej\u0105cego \u017ar\u00f3d\u0142a wody, bez skomplikowanych instalacji i dodatkowych cz\u0119\u015bci.<\/p>\n<p><img decoding=\"async\" class=\"\" src=\"https:\/\/headspa.be\/wp-content\/uploads\/2024\/12\/connection-headspa-basic.webp\" width=\"648\" height=\"365\" \/><\/p>\n<p><strong>03. Nie potrzeba panelu bocznego<\/strong><br \/>\nW przeciwie\u0144stwie do innych modeli, nasze \u0142\u00f3\u017cko Headspa Bed nie wymaga delikatnego panelu bocznego, co zapewnia brak usterek, wi\u0119ksz\u0105 niezawodno\u015b\u0107 u\u017cytkowania i lepsz\u0105 higien\u0119.<\/p>\n<p><img decoding=\"async\" class=\"\" src=\"https:\/\/headspa.be\/wp-content\/uploads\/2024\/12\/easy-to-clean-headspa-basic-e1749646674928.webp\" width=\"649\" height=\"390\" \/><\/p>\n<p><strong>04. Najwy\u017csza jako\u015b\u0107<\/strong><br \/>\nOferujemy produkt najwy\u017cszej jako\u015bci wraz z wygodnym zestawem startowym zawieraj\u0105cym wszystko, czego potrzebujesz, aby natychmiast rozpocz\u0105\u0107 prac\u0119.<\/p>\n<p><img loading=\"lazy\" decoding=\"async\" class=\"\" src=\"https:\/\/headspa.be\/wp-content\/uploads\/2024\/12\/light-effect-headspa-basic-e1749646603166.webp\" width=\"651\" height=\"385\" \/><\/p>\n<p><strong>05. O\u015bwietlenie \u015bwiec\u0105ce<\/strong><br \/>\nNasze \u0142\u00f3\u017cko Headspa jest wyj\u0105tkowe dzi\u0119ki <strong>Blask<\/strong> \u015awiat\u0142o \u2013 nastrojowe o\u015bwietlenie wok\u00f3\u0142 \u0142\u00f3\u017cka, \u0142atwo sterowane za pomoc\u0105 pilota. Jeste\u015bmy jedynym dostawc\u0105 oferuj\u0105cym t\u0119 funkcj\u0119, kt\u00f3ra pod\u0142\u0105cza si\u0119 bezpo\u015brednio do gniazdka, w przeciwie\u0144stwie do konkurent\u00f3w, kt\u00f3rzy polegaj\u0105 na niewygodnych powerbankach. Dzi\u0119ki temu nasze o\u015bwietlenie jest nie tylko bardziej przyjazne dla u\u017cytkownika, ale tak\u017ce bardziej niezawodne, zapewniaj\u0105c d\u0142ugotrwa\u0142e i sp\u00f3jne wra\u017cenia!<\/p>\n<p><strong>06. Gwarancja i serwis posprzeda\u017cowy<\/strong><br \/>\n\u0141\u00f3\u017cko Headspa jest dostarczane kompletne i gotowe do u\u017cycia. Zapewniamy 2-letni\u0105 gwarancj\u0119 na wszystkie komponenty. Dodatkowo do\u0142\u0105czamy wieloj\u0119zyczn\u0105 instrukcj\u0119 dla \u0142atwej konfiguracji. Masz pytania lub w\u0105tpliwo\u015bci po zakupie? Po prostu skontaktuj si\u0119 z naszym zespo\u0142em wsparcia, aby uzyska\u0107 szybk\u0105 i skuteczn\u0105 pomoc!<\/p>","protected":false},"excerpt":{"rendered":"<p>6 powod\u00f3w, dla kt\u00f3rych inni wybieraj\u0105 nasze oryginalne \u0142\u00f3\u017cko Headspa:<\/p>\n<ul>\n<li><strong>Included StreamLux\u2122 Headspa Arch<br \/>\n<\/strong><\/li>\n<li><strong>Included regular headspa Arch<\/strong><\/li>\n<li><strong>Zlew ceramiczny<\/strong><\/li>\n<li><strong>Bezpo\u015brednie, \u0142atwe po\u0142\u0105czenie z wod\u0105 i odp\u0142ywem<br \/>\n<\/strong><\/li>\n<li><strong>Nie wymaga panelu bocznego<\/strong><\/li>\n<li><strong>Glow Lighting<\/strong><\/li>\n<li><strong>W tym bezp\u0142atne pude\u0142ko upominkowe<\/strong><\/li>\n<li><strong>2 lata gwarancji i serwis posprzeda\u017cowy<\/strong><\/li>\n<li><strong>Bezp\u0142atna wysy\u0142ka\u00a0<\/strong><\/li>\n<\/ul>","protected":false},"featured_media":10102,"template":"","meta":[],"product_brand":[],"product_cat":[83],"product_tag":[96,94,95],"class_list":{"0":"post-6820","1":"product","2":"type-product","3":"status-publish","4":"has-post-thumbnail","6":"product_cat-headspa-basic","7":"product_tag-hairspa-liege","8":"product_tag-headspa","9":"product_tag-headspa-bed","10":"product_shipping_class-15th-anniversary","11":"pa_color-beige","12":"pa_color-black","13":"pa_color-brown","15":"first","16":"instock","17":"sale","18":"taxable","19":"shipping-taxable","20":"purchasable","21":"product-type-simple"},"_links":{"self":[{"href":"https:\/\/headspa.be\/pl\/wp-json\/wp\/v2\/product\/6820","targetHints":{"allow":["GET"]}}],"collection":[{"href":"https:\/\/headspa.be\/pl\/wp-json\/wp\/v2\/product"}],"about":[{"href":"https:\/\/headspa.be\/pl\/wp-json\/wp\/v2\/types\/product"}],"wp:featuredmedia":[{"embeddable":true,"href":"https:\/\/headspa.be\/pl\/wp-json\/wp\/v2\/media\/10102"}],"wp:attachment":[{"href":"https:\/\/headspa.be\/pl\/wp-json\/wp\/v2\/media?parent=6820"}],"wp:term":[{"taxonomy":"product_brand","embeddable":true,"href":"https:\/\/headspa.be\/pl\/wp-json\/wp\/v2\/product_brand?post=6820"},{"taxonomy":"product_cat","embeddable":true,"href":"https:\/\/headspa.be\/pl\/wp-json\/wp\/v2\/product_cat?post=6820"},{"taxonomy":"product_tag","embeddable":true,"href":"https:\/\/headspa.be\/pl\/wp-json\/wp\/v2\/product_tag?post=6820"}],"curies":[{"name":"wp","href":"https:\/\/api.w.org\/{rel}","templated":true}]}}